{"id":814,"date":"2020-12-04T10:45:25","date_gmt":"2020-12-04T10:45:25","guid":{"rendered":"https:\/\/simpuls.tech\/privacy-policy\/"},"modified":"2021-04-13T09:10:02","modified_gmt":"2021-04-13T09:10:02","slug":"politique-de-confidentialite","status":"publish","type":"page","link":"https:\/\/simpuls.tech\/fr\/politique-de-confidentialite\/","title":{"rendered":"Politique de confidentialit\u00e9"},"content":{"rendered":"<h2 class=\"h1 mb-5\">Nous respectons votre vie priv\u00e9e ainsi que vos donn\u00e9es personnelles.<\/h2>\n<div class=\"note-wrap my-5\">\n<p><strong>Cette politique de confidentialit\u00e9 est valable uniquement et exclusivement dans l&rsquo;utilisation et le traitement des donn\u00e9es sur ce site Web. <\/strong><\/p>\n<\/div>\n<p><strong>1. Entit\u00e9 responsable du traitement des donn\u00e9es<\/strong><br \/> L&rsquo;entit\u00e9 responsable du traitement des donn\u00e9es envoy\u00e9es par les utilisateurs est SimpulS.<\/p>\n<p class=\"mt-5\"><strong> 2. Confidentialit\u00e9 <\/strong><br \/> Lors de l&rsquo;acc\u00e8s \u00e0 ce site Web, des cookies sont utilis\u00e9s, c&rsquo;est-\u00e0-dire de petits fichiers texte plac\u00e9s sur le disque dur par un serveur de page Web, qui permettent une meilleure exp\u00e9rience de navigation et l&rsquo;acc\u00e8s \u00e0 d&rsquo;autres fonctionnalit\u00e9s du site Web, le tout pour fournir le meilleur service \u00e0 l&rsquo;utilisateur.<\/p>\n<p class=\"mt-5\"><strong> 3. Collecte de donn\u00e9es personnelles <\/strong><br \/> Les donn\u00e9es personnelles collect\u00e9es sur ce site sont destin\u00e9es \u00e0 r\u00e9pondre aux demandes de contact, de devis, d&rsquo;informations en g\u00e9n\u00e9ral et aux fins juridiques n\u00e9cessaires si vous concluez un contrat ou une transaction commerciale avec notre soci\u00e9t\u00e9, et les informations, personnelles ou non, n&rsquo;est pas transmis \u00e0 des tiers. Les donn\u00e9es des utilisateurs sont stock\u00e9es sur des serveurs Cloud situ\u00e9s en Suisse. Ces serveurs sont prot\u00e9g\u00e9s et maintenus selon les normes de s\u00e9curit\u00e9 les plus \u00e9lev\u00e9es et toujours dans le respect des lois applicables en mati\u00e8re de confidentialit\u00e9.<\/p>\n<p class=\"mt-5\"><strong> 4. Rights of data subjects <\/strong><br \/> L&rsquo;utilisateur a le droit, en vertu de la loi, de consulter, supprimer ou rectifier ses donn\u00e9es personnelles transmises par notre site Web. \u00c0 cette fin et pour reconna\u00eetre l&rsquo;identit\u00e9 de la personne concern\u00e9e, les utilisateurs doivent envoyer un message depuis leur propre compte de messagerie \u00e0\u00a0info@simpuls.tech, en indiquant clairement leurs souhaits concernant leurs donn\u00e9es personnelles. <\/p>\n<p class=\"mt-5\"><strong> 5. P\u00e9riode pendant laquelle nous stockons les donn\u00e9es <\/strong><br \/> Nous conserverons vos donn\u00e9es personnelles pendant la dur\u00e9e n\u00e9cessaire \u00e0 la fourniture des services, leur facturation respective et les finalit\u00e9s mentionn\u00e9es<\/p>\n<p class=\"mt-5\"><strong> 6. Droit de r\u00e9clamation <\/strong><br \/> L&rsquo;utilisateur a le droit de porter plainte aupr\u00e8s de l&rsquo;autorit\u00e9 de contr\u00f4le de la protection des donn\u00e9es (<a href=\"http:\/\/www.cnpd.pt\/\">cnpd.pt<\/a>).<\/p>\n","protected":false},"excerpt":{"rendered":"<p>Nous respectons votre vie priv\u00e9e ainsi que vos donn\u00e9es personnelles. Cette politique de confidentialit\u00e9 est valable uniquement et exclusivement dans l&rsquo;utilisation et le traitement des donn\u00e9es sur ce site Web. 1. Entit\u00e9 responsable du traitement des donn\u00e9es L&rsquo;entit\u00e9 responsable du traitement des donn\u00e9es envoy\u00e9es par les utilisateurs est SimpulS. 2. Confidentialit\u00e9 Lors de l&rsquo;acc\u00e8s \u00e0 [&hellip;]<\/p>\n","protected":false},"author":1,"featured_media":0,"parent":0,"menu_order":0,"comment_status":"closed","ping_status":"closed","template":"","meta":{"_acf_changed":false,"inline_featured_image":false,"footnotes":""},"class_list":["post-814","page","type-page","status-publish","hentry"],"acf":[],"aioseo_notices":[],"_links":{"self":[{"href":"https:\/\/simpuls.tech\/fr\/wp-json\/wp\/v2\/pages\/814","targetHints":{"allow":["GET"]}}],"collection":[{"href":"https:\/\/simpuls.tech\/fr\/wp-json\/wp\/v2\/pages"}],"about":[{"href":"https:\/\/simpuls.tech\/fr\/wp-json\/wp\/v2\/types\/page"}],"author":[{"embeddable":true,"href":"https:\/\/simpuls.tech\/fr\/wp-json\/wp\/v2\/users\/1"}],"replies":[{"embeddable":true,"href":"https:\/\/simpuls.tech\/fr\/wp-json\/wp\/v2\/comments?post=814"}],"version-history":[{"count":3,"href":"https:\/\/simpuls.tech\/fr\/wp-json\/wp\/v2\/pages\/814\/revisions"}],"predecessor-version":[{"id":977,"href":"https:\/\/simpuls.tech\/fr\/wp-json\/wp\/v2\/pages\/814\/revisions\/977"}],"wp:attachment":[{"href":"https:\/\/simpuls.tech\/fr\/wp-json\/wp\/v2\/media?parent=814"}],"curies":[{"name":"wp","href":"https:\/\/api.w.org\/{rel}","templated":true}]}}