{"id":796,"date":"2021-01-18T22:22:11","date_gmt":"2021-01-18T22:22:11","guid":{"rendered":"https:\/\/simpuls.tech\/about-us\/"},"modified":"2025-01-13T10:48:20","modified_gmt":"2025-01-13T10:48:20","slug":"a-propos-de-nous","status":"publish","type":"page","link":"https:\/\/simpuls.tech\/fr\/a-propos-de-nous\/","title":{"rendered":"A propos de nous"},"content":{"rendered":"<div class=\"row\">\n<div class=\"col-lg-9\">\n<p class=\"h2 mb-3\"><span class=\"c-green\"> Nous d\u00e9veloppons l&rsquo;activit\u00e9 de nos clients <\/span> en tirant parti des technologies, en fournissant des solutions et en cr\u00e9ant des exp\u00e9riences pour produire de meilleurs r\u00e9sultats <\/p>\n<\/div>\n<\/div>\n","protected":false},"excerpt":{"rendered":"<p>Nous d\u00e9veloppons l&rsquo;activit\u00e9 de nos clients en tirant parti des technologies, en fournissant des solutions et en cr\u00e9ant des exp\u00e9riences pour produire de meilleurs r\u00e9sultats<\/p>\n","protected":false},"author":1,"featured_media":0,"parent":0,"menu_order":0,"comment_status":"closed","ping_status":"closed","template":"theme-about.php","meta":{"_acf_changed":false,"inline_featured_image":false,"footnotes":""},"class_list":["post-796","page","type-page","status-publish","hentry"],"acf":[],"aioseo_notices":[],"_links":{"self":[{"href":"https:\/\/simpuls.tech\/fr\/wp-json\/wp\/v2\/pages\/796","targetHints":{"allow":["GET"]}}],"collection":[{"href":"https:\/\/simpuls.tech\/fr\/wp-json\/wp\/v2\/pages"}],"about":[{"href":"https:\/\/simpuls.tech\/fr\/wp-json\/wp\/v2\/types\/page"}],"author":[{"embeddable":true,"href":"https:\/\/simpuls.tech\/fr\/wp-json\/wp\/v2\/users\/1"}],"replies":[{"embeddable":true,"href":"https:\/\/simpuls.tech\/fr\/wp-json\/wp\/v2\/comments?post=796"}],"version-history":[{"count":11,"href":"https:\/\/simpuls.tech\/fr\/wp-json\/wp\/v2\/pages\/796\/revisions"}],"predecessor-version":[{"id":1626,"href":"https:\/\/simpuls.tech\/fr\/wp-json\/wp\/v2\/pages\/796\/revisions\/1626"}],"wp:attachment":[{"href":"https:\/\/simpuls.tech\/fr\/wp-json\/wp\/v2\/media?parent=796"}],"curies":[{"name":"wp","href":"https:\/\/api.w.org\/{rel}","templated":true}]}}